{"id":60,"date":"2023-04-20T11:39:07","date_gmt":"2023-04-20T11:39:07","guid":{"rendered":"https:\/\/kinesio-massage.at\/?page_id=60"},"modified":"2023-05-12T12:14:04","modified_gmt":"2023-05-12T10:14:04","slug":"kinesiologie","status":"publish","type":"page","link":"https:\/\/kinesio-massage.at\/","title":{"rendered":"Kinesiologie"},"content":{"rendered":"<p><strong><img loading=\"lazy\" decoding=\"async\" class=\"alignleft wp-image-122\" src=\"https:\/\/kinesio-massage.at\/wp-content\/uploads\/2023\/04\/human-62966_1920-221x300.jpg\" alt=\"\" width=\"243\" height=\"330\" srcset=\"https:\/\/kinesio-massage.at\/wp-content\/uploads\/2023\/04\/human-62966_1920-221x300.jpg 221w, https:\/\/kinesio-massage.at\/wp-content\/uploads\/2023\/04\/human-62966_1920-753x1024.jpg 753w, https:\/\/kinesio-massage.at\/wp-content\/uploads\/2023\/04\/human-62966_1920-768x1044.jpg 768w, https:\/\/kinesio-massage.at\/wp-content\/uploads\/2023\/04\/human-62966_1920-1130x1536.jpg 1130w, https:\/\/kinesio-massage.at\/wp-content\/uploads\/2023\/04\/human-62966_1920.jpg 1412w\" sizes=\"auto, (max-width: 243px) 100vw, 243px\" \/>ENERGIE IM GLEICHGEWICHT, SEELE, K\u00d6RPER UND GEIST IN HARMONIE.<\/strong><\/p>\n<p>Gesundheit ist die F\u00e4higkeit des K\u00f6rpers, angemessen auf die Einwirkungen der Umwelt zu reagieren: mechanische, chemische, energetische, informationelle und andere Belastungen.<br \/>\nMeine langj\u00e4hrige Erfahrung als Neurologe hat mir gezeigt, dass der K\u00f6rper sich viel schneller regeneriert, wenn man eine hohe Stressresistenz besitzt.<br \/>\nIn meiner Arbeit wende ich Methoden der angewandten Kinesiologie an, einschlie\u00dflich manueller Muskeltests, die es mir erm\u00f6glichen, eine biologische R\u00fcckmeldung des K\u00f6rpers zu bekommen sowie die Ursache der St\u00f6rung zu bestimmen und die besten Behandlungsmethoden auszuw\u00e4hlen.<br \/>\nDiese Methoden balancieren das Nervensystem und andere Systeme im K\u00f6rper aus. Als Ergebnis der Behandlung reagiert der menschliche K\u00f6rper auf \u00e4u\u00dfere Einfl\u00fcsse richtig und rechtzeitig, seine Stressresistenz nimmt zu und es werden angeborene Selbstheilungsmechanismen in Gang gesetzt.<\/p>\n","protected":false},"excerpt":{"rendered":"<p>ENERGIE IM GLEICHGEWICHT, SEELE, K\u00d6RPER UND GEIST IN HARMONIE. Gesundheit ist die F\u00e4higkeit des K\u00f6rpers, angemessen auf die Einwirkungen der Umwelt zu reagieren: mechanische, chemische, energetische, informationelle und andere Belastungen. Meine langj\u00e4hrige Erfahrung als Neurologe hat mir gezeigt, dass der K\u00f6rper sich viel schneller regeneriert, wenn man eine hohe Stressresistenz besitzt. In meiner Arbeit wende &hellip; <\/p>\n","protected":false},"author":1,"featured_media":0,"parent":0,"menu_order":1,"comment_status":"closed","ping_status":"open","template":"","meta":{"footnotes":""},"class_list":["post-60","page","type-page","status-publish","hentry"],"yoast_head":"<!-- This site is optimized with the Yoast SEO plugin v27.1.1 - https:\/\/yoast.com\/product\/yoast-seo-wordpress\/ -->\n<title>Kinesiologie - Kinesio-massage<\/title>\n<meta name=\"description\" content=\"Dmitrii Sherstnev - Humanenergetiker, Masseur - Massage, Kinesiologie in Wien\" \/>\n<meta name=\"robots\" content=\"index, follow, max-snippet:-1, max-image-preview:large, max-video-preview:-1\" \/>\n<link rel=\"canonical\" href=\"https:\/\/kinesio-massage.at\/\" \/>\n<meta property=\"og:locale\" content=\"ru_RU\" \/>\n<meta property=\"og:type\" content=\"article\" \/>\n<meta property=\"og:title\" content=\"Kinesiologie - Kinesio-massage\" \/>\n<meta property=\"og:description\" content=\"Dmitrii Sherstnev - Humanenergetiker, Masseur - Massage, Kinesiologie in Wien\" \/>\n<meta property=\"og:url\" content=\"https:\/\/kinesio-massage.at\/\" \/>\n<meta property=\"og:site_name\" content=\"Kinesio-massage\" \/>\n<meta property=\"article:publisher\" content=\"https:\/\/www.facebook.com\/Kinesio-massage-109849015439675\" \/>\n<meta property=\"article:modified_time\" content=\"2023-05-12T10:14:04+00:00\" \/>\n<meta property=\"og:image\" content=\"https:\/\/kinesio-massage.at\/wp-content\/uploads\/2023\/04\/human-62966_1920-221x300.jpg\" \/>\n<meta name=\"twitter:card\" content=\"summary_large_image\" \/>\n<meta name=\"twitter:label1\" content=\"\u041f\u0440\u0438\u043c\u0435\u0440\u043d\u043e\u0435 \u0432\u0440\u0435\u043c\u044f \u0434\u043b\u044f \u0447\u0442\u0435\u043d\u0438\u044f\" \/>\n\t<meta name=\"twitter:data1\" content=\"1 \u043c\u0438\u043d\u0443\u0442\u0430\" \/>\n<script type=\"application\/ld+json\" class=\"yoast-schema-graph\">{\"@context\":\"https:\/\/schema.org\",\"@graph\":[{\"@type\":\"WebPage\",\"@id\":\"https:\/\/kinesio-massage.at\/\",\"url\":\"https:\/\/kinesio-massage.at\/\",\"name\":\"Kinesiologie - Kinesio-massage\",\"isPartOf\":{\"@id\":\"https:\/\/kinesio-massage.at\/#website\"},\"primaryImageOfPage\":{\"@id\":\"https:\/\/kinesio-massage.at\/#primaryimage\"},\"image\":{\"@id\":\"https:\/\/kinesio-massage.at\/#primaryimage\"},\"thumbnailUrl\":\"https:\/\/kinesio-massage.at\/wp-content\/uploads\/2023\/04\/human-62966_1920-221x300.jpg\",\"datePublished\":\"2023-04-20T11:39:07+00:00\",\"dateModified\":\"2023-05-12T10:14:04+00:00\",\"description\":\"Dmitrii Sherstnev - Humanenergetiker, Masseur - Massage, Kinesiologie in Wien\",\"breadcrumb\":{\"@id\":\"https:\/\/kinesio-massage.at\/#breadcrumb\"},\"inLanguage\":\"ru-RU\",\"potentialAction\":[{\"@type\":\"ReadAction\",\"target\":[\"https:\/\/kinesio-massage.at\/\"]}]},{\"@type\":\"ImageObject\",\"inLanguage\":\"ru-RU\",\"@id\":\"https:\/\/kinesio-massage.at\/#primaryimage\",\"url\":\"https:\/\/kinesio-massage.at\/wp-content\/uploads\/2023\/04\/human-62966_1920.jpg\",\"contentUrl\":\"https:\/\/kinesio-massage.at\/wp-content\/uploads\/2023\/04\/human-62966_1920.jpg\",\"width\":1412,\"height\":1920},{\"@type\":\"BreadcrumbList\",\"@id\":\"https:\/\/kinesio-massage.at\/#breadcrumb\",\"itemListElement\":[{\"@type\":\"ListItem\",\"position\":1,\"name\":\"\u0413\u043b\u0430\u0432\u043d\u0430\u044f \u0441\u0442\u0440\u0430\u043d\u0438\u0446\u0430\",\"item\":\"https:\/\/kinesio-massage.at\/\"},{\"@type\":\"ListItem\",\"position\":2,\"name\":\"Kinesiologie\"}]},{\"@type\":\"WebSite\",\"@id\":\"https:\/\/kinesio-massage.at\/#website\",\"url\":\"https:\/\/kinesio-massage.at\/\",\"name\":\"Kinesio-massage\",\"description\":\"\",\"publisher\":{\"@id\":\"https:\/\/kinesio-massage.at\/#organization\"},\"potentialAction\":[{\"@type\":\"SearchAction\",\"target\":{\"@type\":\"EntryPoint\",\"urlTemplate\":\"https:\/\/kinesio-massage.at\/?s={search_term_string}\"},\"query-input\":{\"@type\":\"PropertyValueSpecification\",\"valueRequired\":true,\"valueName\":\"search_term_string\"}}],\"inLanguage\":\"ru-RU\"},{\"@type\":\"Organization\",\"@id\":\"https:\/\/kinesio-massage.at\/#organization\",\"name\":\"Kinesio-massage Dmitrii Sherstnev\",\"url\":\"https:\/\/kinesio-massage.at\/\",\"logo\":{\"@type\":\"ImageObject\",\"inLanguage\":\"ru-RU\",\"@id\":\"https:\/\/kinesio-massage.at\/#\/schema\/logo\/image\/\",\"url\":\"https:\/\/kinesio-massage.at\/wp-content\/uploads\/2023\/04\/human-62966_1920.jpg\",\"contentUrl\":\"https:\/\/kinesio-massage.at\/wp-content\/uploads\/2023\/04\/human-62966_1920.jpg\",\"width\":1412,\"height\":1920,\"caption\":\"Kinesio-massage Dmitrii Sherstnev\"},\"image\":{\"@id\":\"https:\/\/kinesio-massage.at\/#\/schema\/logo\/image\/\"},\"sameAs\":[\"https:\/\/www.facebook.com\/Kinesio-massage-109849015439675\"]}]}<\/script>\n<!-- \/ Yoast SEO plugin. -->","yoast_head_json":{"title":"Kinesiologie - Kinesio-massage","description":"Dmitrii Sherstnev - Humanenergetiker, Masseur - Massage, Kinesiologie in Wien","robots":{"index":"index","follow":"follow","max-snippet":"max-snippet:-1","max-image-preview":"max-image-preview:large","max-video-preview":"max-video-preview:-1"},"canonical":"https:\/\/kinesio-massage.at\/","og_locale":"ru_RU","og_type":"article","og_title":"Kinesiologie - Kinesio-massage","og_description":"Dmitrii Sherstnev - Humanenergetiker, Masseur - Massage, Kinesiologie in Wien","og_url":"https:\/\/kinesio-massage.at\/","og_site_name":"Kinesio-massage","article_publisher":"https:\/\/www.facebook.com\/Kinesio-massage-109849015439675","article_modified_time":"2023-05-12T10:14:04+00:00","og_image":[{"url":"https:\/\/kinesio-massage.at\/wp-content\/uploads\/2023\/04\/human-62966_1920-221x300.jpg","type":"","width":"","height":""}],"twitter_card":"summary_large_image","twitter_misc":{"\u041f\u0440\u0438\u043c\u0435\u0440\u043d\u043e\u0435 \u0432\u0440\u0435\u043c\u044f \u0434\u043b\u044f \u0447\u0442\u0435\u043d\u0438\u044f":"1 \u043c\u0438\u043d\u0443\u0442\u0430"},"schema":{"@context":"https:\/\/schema.org","@graph":[{"@type":"WebPage","@id":"https:\/\/kinesio-massage.at\/","url":"https:\/\/kinesio-massage.at\/","name":"Kinesiologie - Kinesio-massage","isPartOf":{"@id":"https:\/\/kinesio-massage.at\/#website"},"primaryImageOfPage":{"@id":"https:\/\/kinesio-massage.at\/#primaryimage"},"image":{"@id":"https:\/\/kinesio-massage.at\/#primaryimage"},"thumbnailUrl":"https:\/\/kinesio-massage.at\/wp-content\/uploads\/2023\/04\/human-62966_1920-221x300.jpg","datePublished":"2023-04-20T11:39:07+00:00","dateModified":"2023-05-12T10:14:04+00:00","description":"Dmitrii Sherstnev - Humanenergetiker, Masseur - Massage, Kinesiologie in Wien","breadcrumb":{"@id":"https:\/\/kinesio-massage.at\/#breadcrumb"},"inLanguage":"ru-RU","potentialAction":[{"@type":"ReadAction","target":["https:\/\/kinesio-massage.at\/"]}]},{"@type":"ImageObject","inLanguage":"ru-RU","@id":"https:\/\/kinesio-massage.at\/#primaryimage","url":"https:\/\/kinesio-massage.at\/wp-content\/uploads\/2023\/04\/human-62966_1920.jpg","contentUrl":"https:\/\/kinesio-massage.at\/wp-content\/uploads\/2023\/04\/human-62966_1920.jpg","width":1412,"height":1920},{"@type":"BreadcrumbList","@id":"https:\/\/kinesio-massage.at\/#breadcrumb","itemListElement":[{"@type":"ListItem","position":1,"name":"\u0413\u043b\u0430\u0432\u043d\u0430\u044f \u0441\u0442\u0440\u0430\u043d\u0438\u0446\u0430","item":"https:\/\/kinesio-massage.at\/"},{"@type":"ListItem","position":2,"name":"Kinesiologie"}]},{"@type":"WebSite","@id":"https:\/\/kinesio-massage.at\/#website","url":"https:\/\/kinesio-massage.at\/","name":"Kinesio-massage","description":"","publisher":{"@id":"https:\/\/kinesio-massage.at\/#organization"},"potentialAction":[{"@type":"SearchAction","target":{"@type":"EntryPoint","urlTemplate":"https:\/\/kinesio-massage.at\/?s={search_term_string}"},"query-input":{"@type":"PropertyValueSpecification","valueRequired":true,"valueName":"search_term_string"}}],"inLanguage":"ru-RU"},{"@type":"Organization","@id":"https:\/\/kinesio-massage.at\/#organization","name":"Kinesio-massage Dmitrii Sherstnev","url":"https:\/\/kinesio-massage.at\/","logo":{"@type":"ImageObject","inLanguage":"ru-RU","@id":"https:\/\/kinesio-massage.at\/#\/schema\/logo\/image\/","url":"https:\/\/kinesio-massage.at\/wp-content\/uploads\/2023\/04\/human-62966_1920.jpg","contentUrl":"https:\/\/kinesio-massage.at\/wp-content\/uploads\/2023\/04\/human-62966_1920.jpg","width":1412,"height":1920,"caption":"Kinesio-massage Dmitrii Sherstnev"},"image":{"@id":"https:\/\/kinesio-massage.at\/#\/schema\/logo\/image\/"},"sameAs":["https:\/\/www.facebook.com\/Kinesio-massage-109849015439675"]}]}},"_links":{"self":[{"href":"https:\/\/kinesio-massage.at\/index.php\/wp-json\/wp\/v2\/pages\/60","targetHints":{"allow":["GET"]}}],"collection":[{"href":"https:\/\/kinesio-massage.at\/index.php\/wp-json\/wp\/v2\/pages"}],"about":[{"href":"https:\/\/kinesio-massage.at\/index.php\/wp-json\/wp\/v2\/types\/page"}],"author":[{"embeddable":true,"href":"https:\/\/kinesio-massage.at\/index.php\/wp-json\/wp\/v2\/users\/1"}],"replies":[{"embeddable":true,"href":"https:\/\/kinesio-massage.at\/index.php\/wp-json\/wp\/v2\/comments?post=60"}],"version-history":[{"count":7,"href":"https:\/\/kinesio-massage.at\/index.php\/wp-json\/wp\/v2\/pages\/60\/revisions"}],"predecessor-version":[{"id":152,"href":"https:\/\/kinesio-massage.at\/index.php\/wp-json\/wp\/v2\/pages\/60\/revisions\/152"}],"wp:attachment":[{"href":"https:\/\/kinesio-massage.at\/index.php\/wp-json\/wp\/v2\/media?parent=60"}],"curies":[{"name":"wp","href":"https:\/\/api.w.org\/{rel}","templated":true}]}}