{"id":62,"date":"2023-04-20T11:37:27","date_gmt":"2023-04-20T11:37:27","guid":{"rendered":"https:\/\/kinesio-massage.at\/?page_id=62"},"modified":"2023-05-21T13:07:15","modified_gmt":"2023-05-21T11:07:15","slug":"ueber-mich","status":"publish","type":"page","link":"https:\/\/kinesio-massage.at\/index.php\/ueber-mich\/","title":{"rendered":"\u00dcber mich"},"content":{"rendered":"<p><img loading=\"lazy\" decoding=\"async\" class=\"alignleft  wp-image-196\" src=\"https:\/\/kinesio-massage.at\/wp-content\/uploads\/2023\/05\/1684666947189-135x300.jpg\" alt=\"\" width=\"166\" height=\"369\" srcset=\"https:\/\/kinesio-massage.at\/wp-content\/uploads\/2023\/05\/1684666947189-135x300.jpg 135w, https:\/\/kinesio-massage.at\/wp-content\/uploads\/2023\/05\/1684666947189-461x1024.jpg 461w, https:\/\/kinesio-massage.at\/wp-content\/uploads\/2023\/05\/1684666947189-768x1707.jpg 768w, https:\/\/kinesio-massage.at\/wp-content\/uploads\/2023\/05\/1684666947189-691x1536.jpg 691w, https:\/\/kinesio-massage.at\/wp-content\/uploads\/2023\/05\/1684666947189.jpg 900w\" sizes=\"auto, (max-width: 166px) 100vw, 166px\" \/>Ich absolvierte das Fach Humanmedizin an der Medizinische Universit\u00e4t in Tschita (Russland) im Jahr 2000 und arbeitete \u00fcber 15 Jahre lang als Neurologe. W\u00e4hrend meiner T\u00e4tigkeit als Arzt sammelte ich wertvolle Erfahrungen im Gesundheitswesen. Gleichzeitig gelangte ich zu der Erkenntnis, dass f\u00fcr die Genesung des K\u00f6rpers ein individueller, nicht standardisierter Zugang notwendig ist. Bei der Suche nach neuen Heilungsmethoden von Patienten mit komplexen Diagnosen begann ich mich f\u00fcr die traditionelle regenerative Medizin zu interessieren.<br \/>\nIm Jahr 2009 machte ich eine Berufsausbildung im Fachgebiet &#171;Manuelle Therapie&#187; und belegte Kurse im Bereich &#171;Angewandte Kinesiologie&#187; an der Internationalen Hochschule f\u00fcr Angewandte Kinesiologie in Moskau. Seitdem begann ich, die Methoden der manuellen Therapie, der angewandten Kinesiologie, der Aromapraktik sowie die der psycho-emotionalen Korrektur anzuwenden. Diese umfangreichen Kenntnisse gaben mir die M\u00f6glichkeit, PatientInnen \u2013 sowohl in \u00f6ffentlichen als auch in privaten medizinischen Zentren in Moskau, wo ich arbeitete \u2013 allumfassend zu diagnostizieren und effektiv zu behandeln.<br \/>\nNach meinem Umzug nach Wien im Jahr 2015 lernte ich aktiv Deutsch und sammelte weiterhin Kenntnisse im Bereich der nichtkonventionellen Medizin und der regenerativen Behandlung. In Wien schloss ich die Kurse der klassischen Massage, Fu\u00dfreflexzonenmassage, Lymphdrainage sowie Bindegewebs- und Meridianmassage ab. Folglich erhielt ich Zertifikate die mich dazu befugen als Masseur-und Bioenergetiker zu arbeiten. Seit 2018 bin ich am Institut \u201eMobile Massage\u201c in Wien besch\u00e4ftigt. In meiner Praxis verbinde ich erfolgreich meine Vorkenntnisse und Erfahrungen in der Neurologie und angewandten Kinesiologie mit der Kompetenz eines Masseurs und Bioenergetikers.<br \/>\nIch bin Mitglied der Dao-Gesellschaft (https:\/\/www.dao.at\/docs\/cv-ds.php) und praktiziere aktiv Qigong, Tai Chi und anderen Sportarten, die eine unterst\u00fctzende Rolle in meiner Selbstheilung und Patientenversorgung spielen. Um mich beruflich und pers\u00f6nlich zu verbessern, bilde ich mich regelm\u00e4\u00dfig weiter und bin immer bereit, Menschen zu helfen!<\/p>\n<p><strong><a href=\"https:\/\/kinesio-massage.at\/index.php\/lebenslauf\">Lebenslauf<\/a><\/strong><\/p>\n<p><strong><a href=\"https:\/\/kinesio-massage.at\/index.php\/lehrgangsbestaetigungen\/\">Lehrngangsbest\u00e4tigungen<\/a><\/strong><\/p>\n","protected":false},"excerpt":{"rendered":"<p>Ich absolvierte das Fach Humanmedizin an der Medizinische Universit\u00e4t in Tschita (Russland) im Jahr 2000 und arbeitete \u00fcber 15 Jahre lang als Neurologe. W\u00e4hrend meiner T\u00e4tigkeit als Arzt sammelte ich wertvolle Erfahrungen im Gesundheitswesen. Gleichzeitig gelangte ich zu der Erkenntnis, dass f\u00fcr die Genesung des K\u00f6rpers ein individueller, nicht standardisierter Zugang notwendig ist. Bei der &hellip; <\/p>\n","protected":false},"author":1,"featured_media":0,"parent":0,"menu_order":2,"comment_status":"closed","ping_status":"closed","template":"","meta":{"footnotes":""},"class_list":["post-62","page","type-page","status-publish","hentry"],"yoast_head":"<!-- This site is optimized with the Yoast SEO plugin v27.1.1 - https:\/\/yoast.com\/product\/yoast-seo-wordpress\/ -->\n<title>\u00dcber mich - Kinesio-massage<\/title>\n<meta name=\"description\" content=\"Dmitrii Sherstnev. Masseur, Humanenergetiker. Massage, Kinesiologie in Wien.\" \/>\n<meta name=\"robots\" content=\"index, follow, max-snippet:-1, max-image-preview:large, max-video-preview:-1\" \/>\n<link rel=\"canonical\" href=\"https:\/\/kinesio-massage.at\/index.php\/ueber-mich\/\" \/>\n<meta property=\"og:locale\" content=\"ru_RU\" \/>\n<meta property=\"og:type\" content=\"article\" \/>\n<meta property=\"og:title\" content=\"\u00dcber mich - Kinesio-massage\" \/>\n<meta property=\"og:description\" content=\"Dmitrii Sherstnev. Masseur, Humanenergetiker. Massage, Kinesiologie in Wien.\" \/>\n<meta property=\"og:url\" content=\"https:\/\/kinesio-massage.at\/index.php\/ueber-mich\/\" \/>\n<meta property=\"og:site_name\" content=\"Kinesio-massage\" \/>\n<meta property=\"article:publisher\" content=\"https:\/\/www.facebook.com\/Kinesio-massage-109849015439675\" \/>\n<meta property=\"article:modified_time\" content=\"2023-05-21T11:07:15+00:00\" \/>\n<meta property=\"og:image\" content=\"https:\/\/kinesio-massage.at\/wp-content\/uploads\/2023\/05\/1684666947189-135x300.jpg\" \/>\n<meta name=\"twitter:card\" content=\"summary_large_image\" \/>\n<meta name=\"twitter:label1\" content=\"\u041f\u0440\u0438\u043c\u0435\u0440\u043d\u043e\u0435 \u0432\u0440\u0435\u043c\u044f \u0434\u043b\u044f \u0447\u0442\u0435\u043d\u0438\u044f\" \/>\n\t<meta name=\"twitter:data1\" content=\"2 \u043c\u0438\u043d\u0443\u0442\u044b\" \/>\n<script type=\"application\/ld+json\" class=\"yoast-schema-graph\">{\"@context\":\"https:\/\/schema.org\",\"@graph\":[{\"@type\":\"WebPage\",\"@id\":\"https:\/\/kinesio-massage.at\/index.php\/ueber-mich\/\",\"url\":\"https:\/\/kinesio-massage.at\/index.php\/ueber-mich\/\",\"name\":\"\u00dcber mich - Kinesio-massage\",\"isPartOf\":{\"@id\":\"https:\/\/kinesio-massage.at\/#website\"},\"primaryImageOfPage\":{\"@id\":\"https:\/\/kinesio-massage.at\/index.php\/ueber-mich\/#primaryimage\"},\"image\":{\"@id\":\"https:\/\/kinesio-massage.at\/index.php\/ueber-mich\/#primaryimage\"},\"thumbnailUrl\":\"https:\/\/kinesio-massage.at\/wp-content\/uploads\/2023\/05\/1684666947189-135x300.jpg\",\"datePublished\":\"2023-04-20T11:37:27+00:00\",\"dateModified\":\"2023-05-21T11:07:15+00:00\",\"description\":\"Dmitrii Sherstnev. Masseur, Humanenergetiker. Massage, Kinesiologie in Wien.\",\"breadcrumb\":{\"@id\":\"https:\/\/kinesio-massage.at\/index.php\/ueber-mich\/#breadcrumb\"},\"inLanguage\":\"ru-RU\",\"potentialAction\":[{\"@type\":\"ReadAction\",\"target\":[\"https:\/\/kinesio-massage.at\/index.php\/ueber-mich\/\"]}]},{\"@type\":\"ImageObject\",\"inLanguage\":\"ru-RU\",\"@id\":\"https:\/\/kinesio-massage.at\/index.php\/ueber-mich\/#primaryimage\",\"url\":\"https:\/\/kinesio-massage.at\/wp-content\/uploads\/2023\/05\/1684666947189.jpg\",\"contentUrl\":\"https:\/\/kinesio-massage.at\/wp-content\/uploads\/2023\/05\/1684666947189.jpg\",\"width\":900,\"height\":2000},{\"@type\":\"BreadcrumbList\",\"@id\":\"https:\/\/kinesio-massage.at\/index.php\/ueber-mich\/#breadcrumb\",\"itemListElement\":[{\"@type\":\"ListItem\",\"position\":1,\"name\":\"\u0413\u043b\u0430\u0432\u043d\u0430\u044f \u0441\u0442\u0440\u0430\u043d\u0438\u0446\u0430\",\"item\":\"https:\/\/kinesio-massage.at\/\"},{\"@type\":\"ListItem\",\"position\":2,\"name\":\"\u00dcber mich\"}]},{\"@type\":\"WebSite\",\"@id\":\"https:\/\/kinesio-massage.at\/#website\",\"url\":\"https:\/\/kinesio-massage.at\/\",\"name\":\"Kinesio-massage\",\"description\":\"\",\"publisher\":{\"@id\":\"https:\/\/kinesio-massage.at\/#organization\"},\"potentialAction\":[{\"@type\":\"SearchAction\",\"target\":{\"@type\":\"EntryPoint\",\"urlTemplate\":\"https:\/\/kinesio-massage.at\/?s={search_term_string}\"},\"query-input\":{\"@type\":\"PropertyValueSpecification\",\"valueRequired\":true,\"valueName\":\"search_term_string\"}}],\"inLanguage\":\"ru-RU\"},{\"@type\":\"Organization\",\"@id\":\"https:\/\/kinesio-massage.at\/#organization\",\"name\":\"Kinesio-massage Dmitrii Sherstnev\",\"url\":\"https:\/\/kinesio-massage.at\/\",\"logo\":{\"@type\":\"ImageObject\",\"inLanguage\":\"ru-RU\",\"@id\":\"https:\/\/kinesio-massage.at\/#\/schema\/logo\/image\/\",\"url\":\"https:\/\/kinesio-massage.at\/wp-content\/uploads\/2023\/04\/human-62966_1920.jpg\",\"contentUrl\":\"https:\/\/kinesio-massage.at\/wp-content\/uploads\/2023\/04\/human-62966_1920.jpg\",\"width\":1412,\"height\":1920,\"caption\":\"Kinesio-massage Dmitrii Sherstnev\"},\"image\":{\"@id\":\"https:\/\/kinesio-massage.at\/#\/schema\/logo\/image\/\"},\"sameAs\":[\"https:\/\/www.facebook.com\/Kinesio-massage-109849015439675\"]}]}<\/script>\n<!-- \/ Yoast SEO plugin. -->","yoast_head_json":{"title":"\u00dcber mich - Kinesio-massage","description":"Dmitrii Sherstnev. Masseur, Humanenergetiker. Massage, Kinesiologie in Wien.","robots":{"index":"index","follow":"follow","max-snippet":"max-snippet:-1","max-image-preview":"max-image-preview:large","max-video-preview":"max-video-preview:-1"},"canonical":"https:\/\/kinesio-massage.at\/index.php\/ueber-mich\/","og_locale":"ru_RU","og_type":"article","og_title":"\u00dcber mich - Kinesio-massage","og_description":"Dmitrii Sherstnev. Masseur, Humanenergetiker. Massage, Kinesiologie in Wien.","og_url":"https:\/\/kinesio-massage.at\/index.php\/ueber-mich\/","og_site_name":"Kinesio-massage","article_publisher":"https:\/\/www.facebook.com\/Kinesio-massage-109849015439675","article_modified_time":"2023-05-21T11:07:15+00:00","og_image":[{"url":"https:\/\/kinesio-massage.at\/wp-content\/uploads\/2023\/05\/1684666947189-135x300.jpg","type":"","width":"","height":""}],"twitter_card":"summary_large_image","twitter_misc":{"\u041f\u0440\u0438\u043c\u0435\u0440\u043d\u043e\u0435 \u0432\u0440\u0435\u043c\u044f \u0434\u043b\u044f \u0447\u0442\u0435\u043d\u0438\u044f":"2 \u043c\u0438\u043d\u0443\u0442\u044b"},"schema":{"@context":"https:\/\/schema.org","@graph":[{"@type":"WebPage","@id":"https:\/\/kinesio-massage.at\/index.php\/ueber-mich\/","url":"https:\/\/kinesio-massage.at\/index.php\/ueber-mich\/","name":"\u00dcber mich - Kinesio-massage","isPartOf":{"@id":"https:\/\/kinesio-massage.at\/#website"},"primaryImageOfPage":{"@id":"https:\/\/kinesio-massage.at\/index.php\/ueber-mich\/#primaryimage"},"image":{"@id":"https:\/\/kinesio-massage.at\/index.php\/ueber-mich\/#primaryimage"},"thumbnailUrl":"https:\/\/kinesio-massage.at\/wp-content\/uploads\/2023\/05\/1684666947189-135x300.jpg","datePublished":"2023-04-20T11:37:27+00:00","dateModified":"2023-05-21T11:07:15+00:00","description":"Dmitrii Sherstnev. Masseur, Humanenergetiker. Massage, Kinesiologie in Wien.","breadcrumb":{"@id":"https:\/\/kinesio-massage.at\/index.php\/ueber-mich\/#breadcrumb"},"inLanguage":"ru-RU","potentialAction":[{"@type":"ReadAction","target":["https:\/\/kinesio-massage.at\/index.php\/ueber-mich\/"]}]},{"@type":"ImageObject","inLanguage":"ru-RU","@id":"https:\/\/kinesio-massage.at\/index.php\/ueber-mich\/#primaryimage","url":"https:\/\/kinesio-massage.at\/wp-content\/uploads\/2023\/05\/1684666947189.jpg","contentUrl":"https:\/\/kinesio-massage.at\/wp-content\/uploads\/2023\/05\/1684666947189.jpg","width":900,"height":2000},{"@type":"BreadcrumbList","@id":"https:\/\/kinesio-massage.at\/index.php\/ueber-mich\/#breadcrumb","itemListElement":[{"@type":"ListItem","position":1,"name":"\u0413\u043b\u0430\u0432\u043d\u0430\u044f \u0441\u0442\u0440\u0430\u043d\u0438\u0446\u0430","item":"https:\/\/kinesio-massage.at\/"},{"@type":"ListItem","position":2,"name":"\u00dcber mich"}]},{"@type":"WebSite","@id":"https:\/\/kinesio-massage.at\/#website","url":"https:\/\/kinesio-massage.at\/","name":"Kinesio-massage","description":"","publisher":{"@id":"https:\/\/kinesio-massage.at\/#organization"},"potentialAction":[{"@type":"SearchAction","target":{"@type":"EntryPoint","urlTemplate":"https:\/\/kinesio-massage.at\/?s={search_term_string}"},"query-input":{"@type":"PropertyValueSpecification","valueRequired":true,"valueName":"search_term_string"}}],"inLanguage":"ru-RU"},{"@type":"Organization","@id":"https:\/\/kinesio-massage.at\/#organization","name":"Kinesio-massage Dmitrii Sherstnev","url":"https:\/\/kinesio-massage.at\/","logo":{"@type":"ImageObject","inLanguage":"ru-RU","@id":"https:\/\/kinesio-massage.at\/#\/schema\/logo\/image\/","url":"https:\/\/kinesio-massage.at\/wp-content\/uploads\/2023\/04\/human-62966_1920.jpg","contentUrl":"https:\/\/kinesio-massage.at\/wp-content\/uploads\/2023\/04\/human-62966_1920.jpg","width":1412,"height":1920,"caption":"Kinesio-massage Dmitrii Sherstnev"},"image":{"@id":"https:\/\/kinesio-massage.at\/#\/schema\/logo\/image\/"},"sameAs":["https:\/\/www.facebook.com\/Kinesio-massage-109849015439675"]}]}},"_links":{"self":[{"href":"https:\/\/kinesio-massage.at\/index.php\/wp-json\/wp\/v2\/pages\/62","targetHints":{"allow":["GET"]}}],"collection":[{"href":"https:\/\/kinesio-massage.at\/index.php\/wp-json\/wp\/v2\/pages"}],"about":[{"href":"https:\/\/kinesio-massage.at\/index.php\/wp-json\/wp\/v2\/types\/page"}],"author":[{"embeddable":true,"href":"https:\/\/kinesio-massage.at\/index.php\/wp-json\/wp\/v2\/users\/1"}],"replies":[{"embeddable":true,"href":"https:\/\/kinesio-massage.at\/index.php\/wp-json\/wp\/v2\/comments?post=62"}],"version-history":[{"count":5,"href":"https:\/\/kinesio-massage.at\/index.php\/wp-json\/wp\/v2\/pages\/62\/revisions"}],"predecessor-version":[{"id":197,"href":"https:\/\/kinesio-massage.at\/index.php\/wp-json\/wp\/v2\/pages\/62\/revisions\/197"}],"wp:attachment":[{"href":"https:\/\/kinesio-massage.at\/index.php\/wp-json\/wp\/v2\/media?parent=62"}],"curies":[{"name":"wp","href":"https:\/\/api.w.org\/{rel}","templated":true}]}}